{"id":10,"date":"2016-09-29T21:00:32","date_gmt":"2016-09-29T21:00:32","guid":{"rendered":"http:\/\/tempermaster.com.br\/esquadriasdepvc\/?page_id=10"},"modified":"2026-02-09T15:24:06","modified_gmt":"2026-02-09T15:24:06","slug":"empresa","status":"publish","type":"page","link":"https:\/\/tempermaster.com.br\/esquadriasdepvc\/empresa\/","title":{"rendered":"Empresa"},"content":{"rendered":"\t\t<div data-elementor-type=\"wp-page\" data-elementor-id=\"10\" class=\"elementor elementor-10\">\n\t\t\t\t<div class=\"elementor-element elementor-element-7943064 e-flex e-con-boxed e-con e-parent\" data-id=\"7943064\" data-element_type=\"container\" data-e-type=\"container\">\n\t\t\t\t\t<div class=\"e-con-inner\">\n\t\t\t\t<div class=\"elementor-element elementor-element-01e70cd elementor-widget elementor-widget-heading\" data-id=\"01e70cd\" data-element_type=\"widget\" data-e-type=\"widget\" data-widget_type=\"heading.default\">\n\t\t\t\t\t<h2 class=\"elementor-heading-title elementor-size-default\">Solu\u00e7\u00f5es de qualidade para o seu projeto!<\/h2>\t\t\t\t<\/div>\n\t\t\t\t\t<\/div>\n\t\t\t\t<\/div>\n\t\t<div class=\"elementor-element elementor-element-0164b71 e-flex e-con-boxed e-con e-parent\" data-id=\"0164b71\" data-element_type=\"container\" data-e-type=\"container\">\n\t\t\t\t\t<div class=\"e-con-inner\">\n\t\t\t\t<div class=\"elementor-element elementor-element-37b3879 elementor-widget elementor-widget-text-editor\" data-id=\"37b3879\" data-element_type=\"widget\" data-e-type=\"widget\" data-widget_type=\"text-editor.default\">\n\t\t\t\t\t\t\t\t\t<p>H\u00e1 mais de duas d\u00e9cadas, o Grupo <strong>TEMPER MASTER<\/strong>consolida sua posi\u00e7\u00e3o como refer\u00eancia no segmento de <a href=\"https:\/\/tempermaster.com.br\/esquadriasdepvc\/esquadrias-pvc\/\"><strong>esquadrias de PVC,<\/strong><\/a> <a href=\"https:\/\/tempermaster.com.br\/esquadriasdepvc\/esquadrias-de-aluminio\/\"><strong>alum\u00ednio<\/strong> <\/a>e <strong><a href=\"https:\/\/tempermaster.com.br\/esquadriasdepvc\/vidracaria\/\">solu\u00e7\u00f5es em vidros<\/a><\/strong> e,\u00a0 especialmente, <strong><a href=\"https:\/\/tempermaster.com.br\/esquadriasdepvc\/esquadrias-acusticas\/\">esquadrias ac\u00fasticas<\/a><\/strong> no estado do Rio de Janeiro. Reconhecida pela excel\u00eancia t\u00e9cnica e pela qualidade superior, <strong>a empresa atende \u00e0s demandas mais exigentes do mercado construtivo<\/strong>.<\/p><p>Nossa opera\u00e7\u00e3o \u00e9 sustentada por uma unidade industrial com fabrica\u00e7\u00e3o pr\u00f3pria de esquadrias de PVC, empregando tecnologia alem\u00e3 de ponta em <strong>parceria<\/strong> <strong>exclusiva<\/strong> <strong>com a REHAU<\/strong>, sediada na Alemanha e l\u00edder mundial em solu\u00e7\u00f5es para constru\u00e7\u00e3o. Este rigor tecnol\u00f3gico, somado a equipes especializadas em instala\u00e7\u00e3o, garante durabilidade, efici\u00eancia operacional e o <strong>padr\u00e3o inconfund\u00edvel Temper Master em cada projeto.<\/strong><\/p><p>Complementamos nossa produ\u00e7\u00e3o com uma estrutura log\u00edstica completa e um atendimento impec\u00e1vel. Com <strong>frota pr\u00f3pria<\/strong> e <strong>presen\u00e7a estrat\u00e9gica<\/strong> atrav\u00e9s de lojas em <strong>Petr\u00f3polis<\/strong> e <strong>Botafogo<\/strong>, na <strong>Zona Sul do Rio<\/strong>, garantimos agilidade e suporte direto. Nosso atendimento online estende essa cobertura a todas as cidades do RJ, assegurando a mesma qualidade e compromisso.<\/p><p>Oferecemos um portf\u00f3lio integrado de solu\u00e7\u00f5es. Al\u00e9m das esquadrias de PVC, disponibilizamos um setor completo especializado em vidros e esquadrias de alum\u00ednio de alto padr\u00e3o e esquadrias ac\u00fasticas, fornecendo e instalando produtos que <strong>atendem \u00e0s especifica\u00e7\u00f5es t\u00e9cnicas e est\u00e9ticas mais rigorosas<\/strong>.<\/p><p>Atuamos em obras de todos os portes, entregando <strong>solu\u00e7\u00f5es completas em esquadrias<\/strong>, vidros e serralheria diretamente ao cliente final. Para arquitetos, construtoras e engenheiros, desenvolvemos um sistema de parceria com condi\u00e7\u00f5es e pre\u00e7os diferenciados, assegurando o melhor custo-benef\u00edcio e suporte t\u00e9cnico dedicado para projetos de grande escala.<\/p><p>A qualidade final, a instala\u00e7\u00e3o realizada por t\u00e9cnicos especializados e um atendimento impec\u00e1vel, do projeto ao p\u00f3s-venda, s\u00e3o os pilares que nos tornaram uma das empresas mais premiadas do setor no RJ.<\/p><p>Para seu pr\u00f3ximo projeto de constru\u00e7\u00e3o ou reforma, conte com a expertise e a solidez do Grupo <strong>TEMPER MASTER<\/strong>. Entre em contato atrav\u00e9s do nosso site ou visite uma de nossas lojas em Petr\u00f3polis ou no Rio de Janeiro e descubra como podemos agregar <strong>alto padr\u00e3o, tecnologia e durabilidade ao seu empreendimento<\/strong>.<\/p>\t\t\t\t\t\t\t\t<\/div>\n\t\t\t\t\t<\/div>\n\t\t\t\t<\/div>\n\t\t<div class=\"elementor-element elementor-element-29b4645 e-flex e-con-boxed e-con e-parent\" data-id=\"29b4645\" data-element_type=\"container\" data-e-type=\"container\">\n\t\t\t\t\t<div class=\"e-con-inner\">\n\t\t\t\t<div class=\"elementor-element elementor-element-c85e86d elementor-widget elementor-widget-image\" data-id=\"c85e86d\" data-element_type=\"widget\" data-e-type=\"widget\" data-widget_type=\"image.default\">\n\t\t\t\t\t\t\t\t\t\t\t\t\t\t\t<img fetchpriority=\"high\" decoding=\"async\" width=\"680\" height=\"296\" src=\"https:\/\/tempermaster.com.br\/esquadriasdepvc\/wp-content\/uploads\/2025\/12\/TemperMaster_logo2025.png\" class=\"attachment-large size-large wp-image-4946\" alt=\"TEMPER MASTER\" srcset=\"https:\/\/tempermaster.com.br\/esquadriasdepvc\/wp-content\/uploads\/2025\/12\/TemperMaster_logo2025.png 800w, https:\/\/tempermaster.com.br\/esquadriasdepvc\/wp-content\/uploads\/2025\/12\/TemperMaster_logo2025-300x131.png 300w, https:\/\/tempermaster.com.br\/esquadriasdepvc\/wp-content\/uploads\/2025\/12\/TemperMaster_logo2025-768x334.png 768w\" sizes=\"(max-width: 680px) 100vw, 680px\" \/>\t\t\t\t\t\t\t\t\t\t\t\t\t\t\t<\/div>\n\t\t\t\t\t<\/div>\n\t\t\t\t<\/div>\n\t\t<div class=\"elementor-element elementor-element-bf74fd5 e-flex e-con-boxed e-con e-parent\" data-id=\"bf74fd5\" data-element_type=\"container\" data-e-type=\"container\">\n\t\t\t\t\t<div class=\"e-con-inner\">\n\t\t\t\t<div class=\"elementor-element elementor-element-630cda9 elementor-arrows-position-inside elementor-pagination-position-outside elementor-widget elementor-widget-image-carousel\" data-id=\"630cda9\" data-element_type=\"widget\" data-e-type=\"widget\" data-settings=\"{&quot;slides_to_show&quot;:&quot;1&quot;,&quot;navigation&quot;:&quot;both&quot;,&quot;autoplay&quot;:&quot;yes&quot;,&quot;pause_on_hover&quot;:&quot;yes&quot;,&quot;pause_on_interaction&quot;:&quot;yes&quot;,&quot;autoplay_speed&quot;:5000,&quot;infinite&quot;:&quot;yes&quot;,&quot;effect&quot;:&quot;slide&quot;,&quot;speed&quot;:500}\" data-widget_type=\"image-carousel.default\">\n\t\t\t\t\t\t\t<div class=\"elementor-image-carousel-wrapper swiper\" role=\"region\" aria-roledescription=\"carousel\" aria-label=\"Carrossel de imagens\" dir=\"ltr\">\n\t\t\t<div class=\"elementor-image-carousel swiper-wrapper\" aria-live=\"off\">\n\t\t\t\t\t\t\t\t<div class=\"swiper-slide\" role=\"group\" aria-roledescription=\"slide\" aria-label=\"1 de 8\"><a data-elementor-open-lightbox=\"yes\" data-elementor-lightbox-slideshow=\"630cda9\" data-elementor-lightbox-title=\"Loja TEMPER MASTER Botafogo\" data-elementor-lightbox-description=\"Loja TEMPER MASTER Botafogo\" data-e-action-hash=\"#elementor-action%3Aaction%3Dlightbox%26settings%3DeyJpZCI6NDA3NSwidXJsIjoiaHR0cHM6XC9cL3RlbXBlcm1hc3Rlci5jb20uYnJcL2VzcXVhZHJpYXNkZXB2Y1wvd3AtY29udGVudFwvdXBsb2Fkc1wvMjAxNlwvMTBcL2xvamEyMS5qcGciLCJzbGlkZXNob3ciOiI2MzBjZGE5In0%3D\" href=\"https:\/\/tempermaster.com.br\/esquadriasdepvc\/wp-content\/uploads\/2016\/10\/loja21.jpg\"><figure class=\"swiper-slide-inner\"><img decoding=\"async\" class=\"swiper-slide-image\" src=\"https:\/\/tempermaster.com.br\/esquadriasdepvc\/wp-content\/uploads\/2016\/10\/loja21-768x432.jpg\" alt=\"Loja TEMPER MASTERBotafogo\" \/><\/figure><\/a><\/div><div class=\"swiper-slide\" role=\"group\" aria-roledescription=\"slide\" aria-label=\"2 de 8\"><a data-elementor-open-lightbox=\"yes\" data-elementor-lightbox-slideshow=\"630cda9\" data-elementor-lightbox-title=\"TEMPER MASTER - Frota pr\u00f3pria\" data-elementor-lightbox-description=\"TEMPER MASTER - Frota pr\u00f3pria\" data-e-action-hash=\"#elementor-action%3Aaction%3Dlightbox%26settings%3DeyJpZCI6NDA3MiwidXJsIjoiaHR0cHM6XC9cL3RlbXBlcm1hc3Rlci5jb20uYnJcL2VzcXVhZHJpYXNkZXB2Y1wvd3AtY29udGVudFwvdXBsb2Fkc1wvMjAxNlwvMTBcL2VtcHJlc2EwMS0xLmpwZyIsInNsaWRlc2hvdyI6IjYzMGNkYTkifQ%3D%3D\" href=\"https:\/\/tempermaster.com.br\/esquadriasdepvc\/wp-content\/uploads\/2016\/10\/empresa01-1.jpg\"><figure class=\"swiper-slide-inner\"><img decoding=\"async\" class=\"swiper-slide-image\" src=\"https:\/\/tempermaster.com.br\/esquadriasdepvc\/wp-content\/uploads\/2016\/10\/empresa01-1-768x432.jpg\" alt=\"TEMPER MASTER- Frota pr\u00f3pria\" \/><\/figure><\/a><\/div><div class=\"swiper-slide\" role=\"group\" aria-roledescription=\"slide\" aria-label=\"3 de 8\"><a data-elementor-open-lightbox=\"yes\" data-elementor-lightbox-slideshow=\"630cda9\" data-elementor-lightbox-title=\"F\u00e1brica TEMPER MASTER\" data-elementor-lightbox-description=\"F\u00e1brica TEMPER MASTER \" data-e-action-hash=\"#elementor-action%3Aaction%3Dlightbox%26settings%3DeyJpZCI6NDIxMSwidXJsIjoiaHR0cHM6XC9cL3RlbXBlcm1hc3Rlci5jb20uYnJcL2VzcXVhZHJpYXNkZXB2Y1wvd3AtY29udGVudFwvdXBsb2Fkc1wvMjAxNlwvMDlcL2ZhYnJpY2EwMC5qcGciLCJzbGlkZXNob3ciOiI2MzBjZGE5In0%3D\" href=\"https:\/\/tempermaster.com.br\/esquadriasdepvc\/wp-content\/uploads\/2016\/09\/fabrica00.jpg\"><figure class=\"swiper-slide-inner\"><img decoding=\"async\" class=\"swiper-slide-image\" src=\"https:\/\/tempermaster.com.br\/esquadriasdepvc\/wp-content\/uploads\/2016\/09\/fabrica00.jpg\" alt=\"F\u00e1brica TEMPER MASTER\" \/><\/figure><\/a><\/div><div class=\"swiper-slide\" role=\"group\" aria-roledescription=\"slide\" aria-label=\"4 de 8\"><a data-elementor-open-lightbox=\"yes\" data-elementor-lightbox-slideshow=\"630cda9\" data-elementor-lightbox-title=\"TEMPER MASTER F\u00e1brica\" data-elementor-lightbox-description=\"TEMPER MASTER F\u00e1brica\" data-e-action-hash=\"#elementor-action%3Aaction%3Dlightbox%26settings%3DeyJpZCI6NDIxMywidXJsIjoiaHR0cHM6XC9cL3RlbXBlcm1hc3Rlci5jb20uYnJcL2VzcXVhZHJpYXNkZXB2Y1wvd3AtY29udGVudFwvdXBsb2Fkc1wvMjAxNlwvMDlcL2ZhYnJpY2EwMS5qcGciLCJzbGlkZXNob3ciOiI2MzBjZGE5In0%3D\" href=\"https:\/\/tempermaster.com.br\/esquadriasdepvc\/wp-content\/uploads\/2016\/09\/fabrica01.jpg\"><figure class=\"swiper-slide-inner\"><img decoding=\"async\" class=\"swiper-slide-image\" src=\"https:\/\/tempermaster.com.br\/esquadriasdepvc\/wp-content\/uploads\/2016\/09\/fabrica01.jpg\" alt=\"TEMPER MASTER F\u00e1brica\" \/><\/figure><\/a><\/div><div class=\"swiper-slide\" role=\"group\" aria-roledescription=\"slide\" aria-label=\"5 de 8\"><a data-elementor-open-lightbox=\"yes\" data-elementor-lightbox-slideshow=\"630cda9\" data-elementor-lightbox-title=\"TEMPER MASTER F\u00e1brica\" data-elementor-lightbox-description=\"TEMPER MASTER  F\u00e1brica\" data-e-action-hash=\"#elementor-action%3Aaction%3Dlightbox%26settings%3DeyJpZCI6NDIxMiwidXJsIjoiaHR0cHM6XC9cL3RlbXBlcm1hc3Rlci5jb20uYnJcL2VzcXVhZHJpYXNkZXB2Y1wvd3AtY29udGVudFwvdXBsb2Fkc1wvMjAxNlwvMDlcL2ZhYnJpY2EwMi5qcGciLCJzbGlkZXNob3ciOiI2MzBjZGE5In0%3D\" href=\"https:\/\/tempermaster.com.br\/esquadriasdepvc\/wp-content\/uploads\/2016\/09\/fabrica02.jpg\"><figure class=\"swiper-slide-inner\"><img decoding=\"async\" class=\"swiper-slide-image\" src=\"https:\/\/tempermaster.com.br\/esquadriasdepvc\/wp-content\/uploads\/2016\/09\/fabrica02.jpg\" alt=\"TEMPER MASTER F\u00e1brica\" \/><\/figure><\/a><\/div><div class=\"swiper-slide\" role=\"group\" aria-roledescription=\"slide\" aria-label=\"6 de 8\"><a data-elementor-open-lightbox=\"yes\" data-elementor-lightbox-slideshow=\"630cda9\" data-elementor-lightbox-title=\"Tempermaster - F\u00e1brica de PVC no RJ\" data-elementor-lightbox-description=\"Tempermaster - F\u00e1brica de PVC no RJ\" data-e-action-hash=\"#elementor-action%3Aaction%3Dlightbox%26settings%3DeyJpZCI6NDA2NSwidXJsIjoiaHR0cHM6XC9cL3RlbXBlcm1hc3Rlci5jb20uYnJcL2VzcXVhZHJpYXNkZXB2Y1wvd3AtY29udGVudFwvdXBsb2Fkc1wvMjAxNlwvMTBcL2VtcHJlc2EwMTMuanBnIiwic2xpZGVzaG93IjoiNjMwY2RhOSJ9\" href=\"https:\/\/tempermaster.com.br\/esquadriasdepvc\/wp-content\/uploads\/2016\/10\/empresa013.jpg\"><figure class=\"swiper-slide-inner\"><img decoding=\"async\" class=\"swiper-slide-image\" src=\"https:\/\/tempermaster.com.br\/esquadriasdepvc\/wp-content\/uploads\/2016\/10\/empresa013.jpg\" alt=\"Tempermaster - F\u00e1brica de PVC no RJ\" \/><\/figure><\/a><\/div><div class=\"swiper-slide\" role=\"group\" aria-roledescription=\"slide\" aria-label=\"7 de 8\"><a data-elementor-open-lightbox=\"yes\" data-elementor-lightbox-slideshow=\"630cda9\" data-elementor-lightbox-title=\"Tempermaster - F\u00e1brica de PVC no RJ\" data-elementor-lightbox-description=\"Tempermaster - F\u00e1brica de PVC no RJ\" data-e-action-hash=\"#elementor-action%3Aaction%3Dlightbox%26settings%3DeyJpZCI6NDA2NCwidXJsIjoiaHR0cHM6XC9cL3RlbXBlcm1hc3Rlci5jb20uYnJcL2VzcXVhZHJpYXNkZXB2Y1wvd3AtY29udGVudFwvdXBsb2Fkc1wvMjAxNlwvMTBcL2VtcHJlc2ExMi5qcGciLCJzbGlkZXNob3ciOiI2MzBjZGE5In0%3D\" href=\"https:\/\/tempermaster.com.br\/esquadriasdepvc\/wp-content\/uploads\/2016\/10\/empresa12.jpg\"><figure class=\"swiper-slide-inner\"><img decoding=\"async\" class=\"swiper-slide-image\" src=\"https:\/\/tempermaster.com.br\/esquadriasdepvc\/wp-content\/uploads\/2016\/10\/empresa12.jpg\" alt=\"Tempermaster - F\u00e1brica de PVC no RJ\" \/><\/figure><\/a><\/div><div class=\"swiper-slide\" role=\"group\" aria-roledescription=\"slide\" aria-label=\"8 de 8\"><a data-elementor-open-lightbox=\"yes\" data-elementor-lightbox-slideshow=\"630cda9\" data-elementor-lightbox-title=\"Tempermaster - F\u00e1brica de PVC no RJ\" data-elementor-lightbox-description=\"Tempermaster - F\u00e1brica de PVC no RJ\" data-e-action-hash=\"#elementor-action%3Aaction%3Dlightbox%26settings%3DeyJpZCI6NDA2MywidXJsIjoiaHR0cHM6XC9cL3RlbXBlcm1hc3Rlci5jb20uYnJcL2VzcXVhZHJpYXNkZXB2Y1wvd3AtY29udGVudFwvdXBsb2Fkc1wvMjAxNlwvMTBcL2VtcHJlc2ExMS5qcGciLCJzbGlkZXNob3ciOiI2MzBjZGE5In0%3D\" href=\"https:\/\/tempermaster.com.br\/esquadriasdepvc\/wp-content\/uploads\/2016\/10\/empresa11.jpg\"><figure class=\"swiper-slide-inner\"><img decoding=\"async\" class=\"swiper-slide-image\" src=\"https:\/\/tempermaster.com.br\/esquadriasdepvc\/wp-content\/uploads\/2016\/10\/empresa11.jpg\" alt=\"Tempermaster - F\u00e1brica de PVC no RJ\" \/><\/figure><\/a><\/div>\t\t\t<\/div>\n\t\t\t\t\t\t\t\t\t\t\t\t<div class=\"elementor-swiper-button elementor-swiper-button-prev\" role=\"button\" tabindex=\"0\">\n\t\t\t\t\t\t<svg aria-hidden=\"true\" class=\"e-font-icon-svg e-eicon-chevron-left\" viewBox=\"0 0 1000 1000\" xmlns=\"http:\/\/www.w3.org\/2000\/svg\"><path d=\"M646 125C629 125 613 133 604 142L308 442C296 454 292 471 292 487 292 504 296 521 308 533L604 854C617 867 629 875 646 875 663 875 679 871 692 858 704 846 713 829 713 812 713 796 708 779 692 767L438 487 692 225C700 217 708 204 708 187 708 171 704 154 692 142 675 129 663 125 646 125Z\"><\/path><\/svg>\t\t\t\t\t<\/div>\n\t\t\t\t\t<div class=\"elementor-swiper-button elementor-swiper-button-next\" role=\"button\" tabindex=\"0\">\n\t\t\t\t\t\t<svg aria-hidden=\"true\" class=\"e-font-icon-svg e-eicon-chevron-right\" viewBox=\"0 0 1000 1000\" xmlns=\"http:\/\/www.w3.org\/2000\/svg\"><path d=\"M696 533C708 521 713 504 713 487 713 471 708 454 696 446L400 146C388 133 375 125 354 125 338 125 325 129 313 142 300 154 292 171 292 187 292 204 296 221 308 233L563 492 304 771C292 783 288 800 288 817 288 833 296 850 308 863 321 871 338 875 354 875 371 875 388 867 400 854L696 533Z\"><\/path><\/svg>\t\t\t\t\t<\/div>\n\t\t\t\t\n\t\t\t\t\t\t\t\t\t<div class=\"swiper-pagination\"><\/div>\n\t\t\t\t\t\t\t\t\t<\/div>\n\t\t\t\t\t\t<\/div>\n\t\t\t\t\t<\/div>\n\t\t\t\t<\/div>\n\t\t\t\t<\/div>\n\t\t","protected":false},"excerpt":{"rendered":"<p>Solu\u00e7\u00f5es de qualidade para o seu projeto! H\u00e1 mais de duas d\u00e9cadas, o Grupo TEMPER MASTERconsolida sua posi\u00e7\u00e3o como refer\u00eancia no segmento de esquadrias de PVC, alum\u00ednio e solu\u00e7\u00f5es em vidros e,\u00a0 especialmente, esquadrias ac\u00fasticas no estado do Rio de Janeiro. Reconhecida pela excel\u00eancia t\u00e9cnica e pela qualidade superior, a empresa atende \u00e0s demandas mais [&hellip;]<\/p>\n","protected":false},"author":1,"featured_media":0,"parent":0,"menu_order":5,"comment_status":"closed","ping_status":"closed","template":"","meta":{"_joinchat":[],"footnotes":""},"class_list":["post-10","page","type-page","status-publish","hentry"],"aioseo_notices":[],"yoast_head":"<!-- This site is optimized with the Yoast SEO plugin v27.1.1 - https:\/\/yoast.com\/product\/yoast-seo-wordpress\/ -->\n<title>Empresa - TEMPER MASTER<\/title>\n<meta name=\"robots\" content=\"index, follow, max-snippet:-1, max-image-preview:large, max-video-preview:-1\" \/>\n<link rel=\"canonical\" href=\"https:\/\/tempermaster.com.br\/esquadriasdepvc\/empresa\/\" \/>\n<meta property=\"og:locale\" content=\"pt_BR\" \/>\n<meta property=\"og:type\" content=\"article\" \/>\n<meta property=\"og:title\" content=\"Empresa - TEMPER MASTER\" \/>\n<meta property=\"og:description\" content=\"Solu\u00e7\u00f5es de qualidade para o seu projeto! H\u00e1 mais de duas d\u00e9cadas, o Grupo TEMPER MASTERconsolida sua posi\u00e7\u00e3o como refer\u00eancia no segmento de esquadrias de PVC, alum\u00ednio e solu\u00e7\u00f5es em vidros e,\u00a0 especialmente, esquadrias ac\u00fasticas no estado do Rio de Janeiro. Reconhecida pela excel\u00eancia t\u00e9cnica e pela qualidade superior, a empresa atende \u00e0s demandas mais [&hellip;]\" \/>\n<meta property=\"og:url\" content=\"https:\/\/tempermaster.com.br\/esquadriasdepvc\/empresa\/\" \/>\n<meta property=\"og:site_name\" content=\"TEMPER MASTER\" \/>\n<meta property=\"article:modified_time\" content=\"2026-02-09T15:24:06+00:00\" \/>\n<meta property=\"og:image\" content=\"https:\/\/tempermaster.com.br\/esquadriasdepvc\/wp-content\/uploads\/2025\/12\/TemperMaster_logo2025.png\" \/>\n\t<meta property=\"og:image:width\" content=\"800\" \/>\n\t<meta property=\"og:image:height\" content=\"348\" \/>\n\t<meta property=\"og:image:type\" content=\"image\/png\" \/>\n<meta name=\"twitter:card\" content=\"summary_large_image\" \/>\n<meta name=\"twitter:label1\" content=\"Est. tempo de leitura\" \/>\n\t<meta name=\"twitter:data1\" content=\"4 minutos\" \/>\n<script type=\"application\/ld+json\" class=\"yoast-schema-graph\">{\"@context\":\"https:\/\/schema.org\",\"@graph\":[{\"@type\":\"WebPage\",\"@id\":\"https:\/\/tempermaster.com.br\/esquadriasdepvc\/empresa\/\",\"url\":\"https:\/\/tempermaster.com.br\/esquadriasdepvc\/empresa\/\",\"name\":\"Empresa - TEMPER MASTER\",\"isPartOf\":{\"@id\":\"https:\/\/tempermaster.com.br\/esquadriasdepvc\/#website\"},\"primaryImageOfPage\":{\"@id\":\"https:\/\/tempermaster.com.br\/esquadriasdepvc\/empresa\/#primaryimage\"},\"image\":{\"@id\":\"https:\/\/tempermaster.com.br\/esquadriasdepvc\/empresa\/#primaryimage\"},\"thumbnailUrl\":\"https:\/\/tempermaster.com.br\/esquadriasdepvc\/wp-content\/uploads\/2025\/12\/TemperMaster_logo2025.png\",\"datePublished\":\"2016-09-29T21:00:32+00:00\",\"dateModified\":\"2026-02-09T15:24:06+00:00\",\"breadcrumb\":{\"@id\":\"https:\/\/tempermaster.com.br\/esquadriasdepvc\/empresa\/#breadcrumb\"},\"inLanguage\":\"pt-BR\",\"potentialAction\":[{\"@type\":\"ReadAction\",\"target\":[\"https:\/\/tempermaster.com.br\/esquadriasdepvc\/empresa\/\"]}]},{\"@type\":\"ImageObject\",\"inLanguage\":\"pt-BR\",\"@id\":\"https:\/\/tempermaster.com.br\/esquadriasdepvc\/empresa\/#primaryimage\",\"url\":\"https:\/\/tempermaster.com.br\/esquadriasdepvc\/wp-content\/uploads\/2025\/12\/TemperMaster_logo2025.png\",\"contentUrl\":\"https:\/\/tempermaster.com.br\/esquadriasdepvc\/wp-content\/uploads\/2025\/12\/TemperMaster_logo2025.png\",\"width\":800,\"height\":348,\"caption\":\"TEMPER MASTER\"},{\"@type\":\"BreadcrumbList\",\"@id\":\"https:\/\/tempermaster.com.br\/esquadriasdepvc\/empresa\/#breadcrumb\",\"itemListElement\":[{\"@type\":\"ListItem\",\"position\":1,\"name\":\"In\u00edcio\",\"item\":\"https:\/\/tempermaster.com.br\/esquadriasdepvc\/\"},{\"@type\":\"ListItem\",\"position\":2,\"name\":\"Empresa\"}]},{\"@type\":\"WebSite\",\"@id\":\"https:\/\/tempermaster.com.br\/esquadriasdepvc\/#website\",\"url\":\"https:\/\/tempermaster.com.br\/esquadriasdepvc\/\",\"name\":\"TEMPER MASTER\",\"description\":\"Esquadrias de PVC e Janelas Ac\u00fasticas RJ\",\"publisher\":{\"@id\":\"https:\/\/tempermaster.com.br\/esquadriasdepvc\/#organization\"},\"potentialAction\":[{\"@type\":\"SearchAction\",\"target\":{\"@type\":\"EntryPoint\",\"urlTemplate\":\"https:\/\/tempermaster.com.br\/esquadriasdepvc\/?s={search_term_string}\"},\"query-input\":{\"@type\":\"PropertyValueSpecification\",\"valueRequired\":true,\"valueName\":\"search_term_string\"}}],\"inLanguage\":\"pt-BR\"},{\"@type\":\"Organization\",\"@id\":\"https:\/\/tempermaster.com.br\/esquadriasdepvc\/#organization\",\"name\":\"Tempermaster\",\"url\":\"https:\/\/tempermaster.com.br\/esquadriasdepvc\/\",\"logo\":{\"@type\":\"ImageObject\",\"inLanguage\":\"pt-BR\",\"@id\":\"https:\/\/tempermaster.com.br\/esquadriasdepvc\/#\/schema\/logo\/image\/\",\"url\":\"http:\/\/tempermaster.com.br\/esquadriasdepvc\/wp-content\/uploads\/2016\/10\/cropped-logo_2016.png\",\"contentUrl\":\"http:\/\/tempermaster.com.br\/esquadriasdepvc\/wp-content\/uploads\/2016\/10\/cropped-logo_2016.png\",\"width\":259,\"height\":70,\"caption\":\"Tempermaster\"},\"image\":{\"@id\":\"https:\/\/tempermaster.com.br\/esquadriasdepvc\/#\/schema\/logo\/image\/\"}}]}<\/script>\n<!-- \/ Yoast SEO plugin. -->","yoast_head_json":{"title":"Empresa - TEMPER MASTER","robots":{"index":"index","follow":"follow","max-snippet":"max-snippet:-1","max-image-preview":"max-image-preview:large","max-video-preview":"max-video-preview:-1"},"canonical":"https:\/\/tempermaster.com.br\/esquadriasdepvc\/empresa\/","og_locale":"pt_BR","og_type":"article","og_title":"Empresa - TEMPER MASTER","og_description":"Solu\u00e7\u00f5es de qualidade para o seu projeto! H\u00e1 mais de duas d\u00e9cadas, o Grupo TEMPER MASTERconsolida sua posi\u00e7\u00e3o como refer\u00eancia no segmento de esquadrias de PVC, alum\u00ednio e solu\u00e7\u00f5es em vidros e,\u00a0 especialmente, esquadrias ac\u00fasticas no estado do Rio de Janeiro. Reconhecida pela excel\u00eancia t\u00e9cnica e pela qualidade superior, a empresa atende \u00e0s demandas mais [&hellip;]","og_url":"https:\/\/tempermaster.com.br\/esquadriasdepvc\/empresa\/","og_site_name":"TEMPER MASTER","article_modified_time":"2026-02-09T15:24:06+00:00","og_image":[{"width":800,"height":348,"url":"https:\/\/tempermaster.com.br\/esquadriasdepvc\/wp-content\/uploads\/2025\/12\/TemperMaster_logo2025.png","type":"image\/png"}],"twitter_card":"summary_large_image","twitter_misc":{"Est. tempo de leitura":"4 minutos"},"schema":{"@context":"https:\/\/schema.org","@graph":[{"@type":"WebPage","@id":"https:\/\/tempermaster.com.br\/esquadriasdepvc\/empresa\/","url":"https:\/\/tempermaster.com.br\/esquadriasdepvc\/empresa\/","name":"Empresa - TEMPER MASTER","isPartOf":{"@id":"https:\/\/tempermaster.com.br\/esquadriasdepvc\/#website"},"primaryImageOfPage":{"@id":"https:\/\/tempermaster.com.br\/esquadriasdepvc\/empresa\/#primaryimage"},"image":{"@id":"https:\/\/tempermaster.com.br\/esquadriasdepvc\/empresa\/#primaryimage"},"thumbnailUrl":"https:\/\/tempermaster.com.br\/esquadriasdepvc\/wp-content\/uploads\/2025\/12\/TemperMaster_logo2025.png","datePublished":"2016-09-29T21:00:32+00:00","dateModified":"2026-02-09T15:24:06+00:00","breadcrumb":{"@id":"https:\/\/tempermaster.com.br\/esquadriasdepvc\/empresa\/#breadcrumb"},"inLanguage":"pt-BR","potentialAction":[{"@type":"ReadAction","target":["https:\/\/tempermaster.com.br\/esquadriasdepvc\/empresa\/"]}]},{"@type":"ImageObject","inLanguage":"pt-BR","@id":"https:\/\/tempermaster.com.br\/esquadriasdepvc\/empresa\/#primaryimage","url":"https:\/\/tempermaster.com.br\/esquadriasdepvc\/wp-content\/uploads\/2025\/12\/TemperMaster_logo2025.png","contentUrl":"https:\/\/tempermaster.com.br\/esquadriasdepvc\/wp-content\/uploads\/2025\/12\/TemperMaster_logo2025.png","width":800,"height":348,"caption":"TEMPER MASTER"},{"@type":"BreadcrumbList","@id":"https:\/\/tempermaster.com.br\/esquadriasdepvc\/empresa\/#breadcrumb","itemListElement":[{"@type":"ListItem","position":1,"name":"In\u00edcio","item":"https:\/\/tempermaster.com.br\/esquadriasdepvc\/"},{"@type":"ListItem","position":2,"name":"Empresa"}]},{"@type":"WebSite","@id":"https:\/\/tempermaster.com.br\/esquadriasdepvc\/#website","url":"https:\/\/tempermaster.com.br\/esquadriasdepvc\/","name":"TEMPER MASTER","description":"Esquadrias de PVC e Janelas Ac\u00fasticas RJ","publisher":{"@id":"https:\/\/tempermaster.com.br\/esquadriasdepvc\/#organization"},"potentialAction":[{"@type":"SearchAction","target":{"@type":"EntryPoint","urlTemplate":"https:\/\/tempermaster.com.br\/esquadriasdepvc\/?s={search_term_string}"},"query-input":{"@type":"PropertyValueSpecification","valueRequired":true,"valueName":"search_term_string"}}],"inLanguage":"pt-BR"},{"@type":"Organization","@id":"https:\/\/tempermaster.com.br\/esquadriasdepvc\/#organization","name":"Tempermaster","url":"https:\/\/tempermaster.com.br\/esquadriasdepvc\/","logo":{"@type":"ImageObject","inLanguage":"pt-BR","@id":"https:\/\/tempermaster.com.br\/esquadriasdepvc\/#\/schema\/logo\/image\/","url":"http:\/\/tempermaster.com.br\/esquadriasdepvc\/wp-content\/uploads\/2016\/10\/cropped-logo_2016.png","contentUrl":"http:\/\/tempermaster.com.br\/esquadriasdepvc\/wp-content\/uploads\/2016\/10\/cropped-logo_2016.png","width":259,"height":70,"caption":"Tempermaster"},"image":{"@id":"https:\/\/tempermaster.com.br\/esquadriasdepvc\/#\/schema\/logo\/image\/"}}]}},"_links":{"self":[{"href":"https:\/\/tempermaster.com.br\/esquadriasdepvc\/wp-json\/wp\/v2\/pages\/10","targetHints":{"allow":["GET"]}}],"collection":[{"href":"https:\/\/tempermaster.com.br\/esquadriasdepvc\/wp-json\/wp\/v2\/pages"}],"about":[{"href":"https:\/\/tempermaster.com.br\/esquadriasdepvc\/wp-json\/wp\/v2\/types\/page"}],"author":[{"embeddable":true,"href":"https:\/\/tempermaster.com.br\/esquadriasdepvc\/wp-json\/wp\/v2\/users\/1"}],"replies":[{"embeddable":true,"href":"https:\/\/tempermaster.com.br\/esquadriasdepvc\/wp-json\/wp\/v2\/comments?post=10"}],"version-history":[{"count":34,"href":"https:\/\/tempermaster.com.br\/esquadriasdepvc\/wp-json\/wp\/v2\/pages\/10\/revisions"}],"predecessor-version":[{"id":5427,"href":"https:\/\/tempermaster.com.br\/esquadriasdepvc\/wp-json\/wp\/v2\/pages\/10\/revisions\/5427"}],"wp:attachment":[{"href":"https:\/\/tempermaster.com.br\/esquadriasdepvc\/wp-json\/wp\/v2\/media?parent=10"}],"curies":[{"name":"wp","href":"https:\/\/api.w.org\/{rel}","templated":true}]}}