{"id":19,"date":"2016-09-29T21:04:09","date_gmt":"2016-09-29T21:04:09","guid":{"rendered":"http:\/\/tempermaster.com.br\/esquadriasdepvc\/?page_id=19"},"modified":"2025-12-20T10:58:04","modified_gmt":"2025-12-20T10:58:04","slug":"loja-petropolis","status":"publish","type":"page","link":"https:\/\/tempermaster.com.br\/esquadriasdepvc\/loja-petropolis\/","title":{"rendered":"Loja Petr\u00f3polis"},"content":{"rendered":"\t\t<div data-elementor-type=\"wp-page\" data-elementor-id=\"19\" class=\"elementor elementor-19\">\n\t\t\t\t<div class=\"elementor-element elementor-element-f8329ce e-flex e-con-boxed e-con e-parent\" data-id=\"f8329ce\" data-element_type=\"container\" data-e-type=\"container\">\n\t\t\t\t\t<div class=\"e-con-inner\">\n\t\t\t\t<div class=\"elementor-element elementor-element-ecec8d2 elementor-widget elementor-widget-n-accordion\" data-id=\"ecec8d2\" data-element_type=\"widget\" data-e-type=\"widget\" data-settings=\"{&quot;default_state&quot;:&quot;expanded&quot;,&quot;max_items_expended&quot;:&quot;one&quot;,&quot;n_accordion_animation_duration&quot;:{&quot;unit&quot;:&quot;ms&quot;,&quot;size&quot;:400,&quot;sizes&quot;:[]}}\" data-widget_type=\"nested-accordion.default\">\n\t\t\t\t\t\t\t<div class=\"e-n-accordion\" aria-label=\"Accordion. Open links with Enter or Space, close with Escape, and navigate with Arrow Keys\">\n\t\t\t\t\t\t<details id=\"e-n-accordion-item-2480\" class=\"e-n-accordion-item\" open>\n\t\t\t\t<summary class=\"e-n-accordion-item-title\" data-accordion-index=\"1\" tabindex=\"0\" aria-expanded=\"true\" aria-controls=\"e-n-accordion-item-2480\" >\n\t\t\t\t\t<span class='e-n-accordion-item-title-header'><div class=\"e-n-accordion-item-title-text\"> Petr\u00f3polis - F\u00e1brica e Loja <\/div><\/span>\n\t\t\t\t\t\t\t<span class='e-n-accordion-item-title-icon'>\n\t\t\t<span class='e-opened' ><svg aria-hidden=\"true\" class=\"e-font-icon-svg e-fas-minus\" viewBox=\"0 0 448 512\" xmlns=\"http:\/\/www.w3.org\/2000\/svg\"><path d=\"M416 208H32c-17.67 0-32 14.33-32 32v32c0 17.67 14.33 32 32 32h384c17.67 0 32-14.33 32-32v-32c0-17.67-14.33-32-32-32z\"><\/path><\/svg><\/span>\n\t\t\t<span class='e-closed'><svg aria-hidden=\"true\" class=\"e-font-icon-svg e-fas-plus\" viewBox=\"0 0 448 512\" xmlns=\"http:\/\/www.w3.org\/2000\/svg\"><path d=\"M416 208H272V64c0-17.67-14.33-32-32-32h-32c-17.67 0-32 14.33-32 32v144H32c-17.67 0-32 14.33-32 32v32c0 17.67 14.33 32 32 32h144v144c0 17.67 14.33 32 32 32h32c17.67 0 32-14.33 32-32V304h144c17.67 0 32-14.33 32-32v-32c0-17.67-14.33-32-32-32z\"><\/path><\/svg><\/span>\n\t\t<\/span>\n\n\t\t\t\t\t\t<\/summary>\n\t\t\t\t<div role=\"region\" aria-labelledby=\"e-n-accordion-item-2480\" class=\"elementor-element elementor-element-e12507e e-con-full e-flex e-con e-child\" data-id=\"e12507e\" data-element_type=\"container\" data-e-type=\"container\">\n\t\t\t\t<div class=\"elementor-element elementor-element-c7a6bb9 elementor-widget elementor-widget-text-editor\" data-id=\"c7a6bb9\" data-element_type=\"widget\" data-e-type=\"widget\" data-widget_type=\"text-editor.default\">\n\t\t\t\t\t\t\t\t\t<p>Rua Cel. Duarte da Silveira, 54 \u2013 Bingen \u2013 Petr\u00f3polis \u2013 RJ<br \/>CEP 25685-006<\/p><hr \/><h5>Tels: <a href=\"tel:2422455827\" target=\"_blank\" rel=\"noopener\">(24) 2245-5827<\/a> | <a href=\"tel:2422316159\" target=\"_blank\" rel=\"noopener\">(24) 2231-6159<\/a> <br \/>WhatsApp: <a href=\"https:\/\/wa.me\/\/5524988151596\">(24) 98815-1596<\/a> | <a href=\"https:\/\/wa.me\/\/5524992993069\">(24) 99299-3069<\/a> <br \/>E-mail: <a href=\"mailto:tempermaster@tempermaster.com.br\">tempermaster@tempermaster.com.br<\/a><\/h5>\t\t\t\t\t\t\t\t<\/div>\n\t\t\t\t<div class=\"elementor-element elementor-element-00b2904 elementor-widget elementor-widget-shortcode\" data-id=\"00b2904\" data-element_type=\"widget\" data-e-type=\"widget\" data-widget_type=\"shortcode.default\">\n\t\t\t\t\t\t\t<div class=\"elementor-shortcode\"><iframe src=\"https:\/\/www.google.com\/maps\/embed?pb=!1m14!1m8!1m3!1d3685.839690447348!2d-43.2166119!3d-22.5101971!3m2!1i1024!2i768!4f13.1!3m3!1m2!1s0x99080ec23e67ed%3A0x7436bf466d2548e7!2sTemper%20Master!5e0!3m2!1spt-BR!2sbr!4v1766226984426!5m2!1spt-BR!2sbr\" width=\"600\" height=\"450\" style=\"border:0;\" allowfullscreen=\"\" loading=\"lazy\" referrerpolicy=\"no-referrer-when-downgrade\"><\/iframe><\/div>\n\t\t\t\t\t\t<\/div>\n\t\t\t\t<\/div>\n\t\t\t\t\t<\/details>\n\t\t\t\t\t<\/div>\n\t\t\t\t\t\t<\/div>\n\t\t\t\t\t<\/div>\n\t\t\t\t<\/div>\n\t\t<div class=\"elementor-element elementor-element-d5e80db e-flex e-con-boxed e-con e-parent\" data-id=\"d5e80db\" data-element_type=\"container\" data-e-type=\"container\">\n\t\t\t\t\t<div class=\"e-con-inner\">\n\t\t\t\t<div class=\"elementor-element elementor-element-8c215eb elementor-widget elementor-widget-image\" data-id=\"8c215eb\" data-element_type=\"widget\" data-e-type=\"widget\" data-widget_type=\"image.default\">\n\t\t\t\t\t\t\t\t\t\t\t\t\t\t\t<img fetchpriority=\"high\" decoding=\"async\" width=\"680\" height=\"296\" src=\"https:\/\/tempermaster.com.br\/esquadriasdepvc\/wp-content\/uploads\/2025\/12\/TemperMaster_logo2025.png\" class=\"attachment-large size-large wp-image-4946\" alt=\"TEMPER MASTER\" srcset=\"https:\/\/tempermaster.com.br\/esquadriasdepvc\/wp-content\/uploads\/2025\/12\/TemperMaster_logo2025.png 800w, https:\/\/tempermaster.com.br\/esquadriasdepvc\/wp-content\/uploads\/2025\/12\/TemperMaster_logo2025-300x131.png 300w, https:\/\/tempermaster.com.br\/esquadriasdepvc\/wp-content\/uploads\/2025\/12\/TemperMaster_logo2025-768x334.png 768w\" sizes=\"(max-width: 680px) 100vw, 680px\" \/>\t\t\t\t\t\t\t\t\t\t\t\t\t\t\t<\/div>\n\t\t\t\t\t<\/div>\n\t\t\t\t<\/div>\n\t\t\t\t<\/div>\n\t\t","protected":false},"excerpt":{"rendered":"<p>Petr\u00f3polis &#8211; F\u00e1brica e Loja Rua Cel. Duarte da Silveira, 54 \u2013 Bingen \u2013 Petr\u00f3polis \u2013 RJCEP 25685-006 Tels: (24) 2245-5827 | (24) 2231-6159 WhatsApp: (24) 98815-1596 | (24) 99299-3069 E-mail: tempermaster@tempermaster.com.br Rua Cel. Duarte da Silveira, 54 \u2013 Bingen \u2013 Petr\u00f3polis \u2013 RJCEP 25685-006 Tels: (24) 2245-5827 | (24) 2231-6159 WhatsApp: (24) 98815-1596 | [&hellip;]<\/p>\n","protected":false},"author":1,"featured_media":0,"parent":0,"menu_order":0,"comment_status":"closed","ping_status":"closed","template":"","meta":{"_joinchat":[],"footnotes":""},"class_list":["post-19","page","type-page","status-publish","hentry"],"aioseo_notices":[],"yoast_head":"<!-- This site is optimized with the Yoast SEO plugin v27.1.1 - https:\/\/yoast.com\/product\/yoast-seo-wordpress\/ -->\n<title>Loja Petr\u00f3polis - TEMPER MASTER<\/title>\n<meta name=\"robots\" content=\"index, follow, max-snippet:-1, max-image-preview:large, max-video-preview:-1\" \/>\n<link rel=\"canonical\" href=\"https:\/\/tempermaster.com.br\/esquadriasdepvc\/loja-petropolis\/\" \/>\n<meta property=\"og:locale\" content=\"pt_BR\" \/>\n<meta property=\"og:type\" content=\"article\" \/>\n<meta property=\"og:title\" content=\"Loja Petr\u00f3polis - TEMPER MASTER\" \/>\n<meta property=\"og:description\" content=\"Petr\u00f3polis &#8211; F\u00e1brica e Loja Rua Cel. Duarte da Silveira, 54 \u2013 Bingen \u2013 Petr\u00f3polis \u2013 RJCEP 25685-006 Tels: (24) 2245-5827 | (24) 2231-6159 WhatsApp: (24) 98815-1596 | (24) 99299-3069 E-mail: tempermaster@tempermaster.com.br Rua Cel. Duarte da Silveira, 54 \u2013 Bingen \u2013 Petr\u00f3polis \u2013 RJCEP 25685-006 Tels: (24) 2245-5827 | (24) 2231-6159 WhatsApp: (24) 98815-1596 | [&hellip;]\" \/>\n<meta property=\"og:url\" content=\"https:\/\/tempermaster.com.br\/esquadriasdepvc\/loja-petropolis\/\" \/>\n<meta property=\"og:site_name\" content=\"TEMPER MASTER\" \/>\n<meta property=\"article:modified_time\" content=\"2025-12-20T10:58:04+00:00\" \/>\n<meta property=\"og:image\" content=\"https:\/\/tempermaster.com.br\/esquadriasdepvc\/wp-content\/uploads\/2025\/12\/TemperMaster_logo2025.png\" \/>\n<meta name=\"twitter:card\" content=\"summary_large_image\" \/>\n<meta name=\"twitter:label1\" content=\"Est. tempo de leitura\" \/>\n\t<meta name=\"twitter:data1\" content=\"1 minuto\" \/>\n<script type=\"application\/ld+json\" class=\"yoast-schema-graph\">{\"@context\":\"https:\/\/schema.org\",\"@graph\":[{\"@type\":\"WebPage\",\"@id\":\"https:\/\/tempermaster.com.br\/esquadriasdepvc\/loja-petropolis\/\",\"url\":\"https:\/\/tempermaster.com.br\/esquadriasdepvc\/loja-petropolis\/\",\"name\":\"Loja Petr\u00f3polis - TEMPER MASTER\",\"isPartOf\":{\"@id\":\"https:\/\/tempermaster.com.br\/esquadriasdepvc\/#website\"},\"primaryImageOfPage\":{\"@id\":\"https:\/\/tempermaster.com.br\/esquadriasdepvc\/loja-petropolis\/#primaryimage\"},\"image\":{\"@id\":\"https:\/\/tempermaster.com.br\/esquadriasdepvc\/loja-petropolis\/#primaryimage\"},\"thumbnailUrl\":\"https:\/\/tempermaster.com.br\/esquadriasdepvc\/wp-content\/uploads\/2025\/12\/TemperMaster_logo2025.png\",\"datePublished\":\"2016-09-29T21:04:09+00:00\",\"dateModified\":\"2025-12-20T10:58:04+00:00\",\"breadcrumb\":{\"@id\":\"https:\/\/tempermaster.com.br\/esquadriasdepvc\/loja-petropolis\/#breadcrumb\"},\"inLanguage\":\"pt-BR\",\"potentialAction\":[{\"@type\":\"ReadAction\",\"target\":[\"https:\/\/tempermaster.com.br\/esquadriasdepvc\/loja-petropolis\/\"]}]},{\"@type\":\"ImageObject\",\"inLanguage\":\"pt-BR\",\"@id\":\"https:\/\/tempermaster.com.br\/esquadriasdepvc\/loja-petropolis\/#primaryimage\",\"url\":\"https:\/\/tempermaster.com.br\/esquadriasdepvc\/wp-content\/uploads\/2025\/12\/TemperMaster_logo2025.png\",\"contentUrl\":\"https:\/\/tempermaster.com.br\/esquadriasdepvc\/wp-content\/uploads\/2025\/12\/TemperMaster_logo2025.png\",\"width\":800,\"height\":348,\"caption\":\"TEMPER MASTER\"},{\"@type\":\"BreadcrumbList\",\"@id\":\"https:\/\/tempermaster.com.br\/esquadriasdepvc\/loja-petropolis\/#breadcrumb\",\"itemListElement\":[{\"@type\":\"ListItem\",\"position\":1,\"name\":\"In\u00edcio\",\"item\":\"https:\/\/tempermaster.com.br\/esquadriasdepvc\/\"},{\"@type\":\"ListItem\",\"position\":2,\"name\":\"Loja Petr\u00f3polis\"}]},{\"@type\":\"WebSite\",\"@id\":\"https:\/\/tempermaster.com.br\/esquadriasdepvc\/#website\",\"url\":\"https:\/\/tempermaster.com.br\/esquadriasdepvc\/\",\"name\":\"TEMPER MASTER\",\"description\":\"Esquadrias de PVC e Janelas Ac\u00fasticas RJ\",\"publisher\":{\"@id\":\"https:\/\/tempermaster.com.br\/esquadriasdepvc\/#organization\"},\"potentialAction\":[{\"@type\":\"SearchAction\",\"target\":{\"@type\":\"EntryPoint\",\"urlTemplate\":\"https:\/\/tempermaster.com.br\/esquadriasdepvc\/?s={search_term_string}\"},\"query-input\":{\"@type\":\"PropertyValueSpecification\",\"valueRequired\":true,\"valueName\":\"search_term_string\"}}],\"inLanguage\":\"pt-BR\"},{\"@type\":\"Organization\",\"@id\":\"https:\/\/tempermaster.com.br\/esquadriasdepvc\/#organization\",\"name\":\"Tempermaster\",\"url\":\"https:\/\/tempermaster.com.br\/esquadriasdepvc\/\",\"logo\":{\"@type\":\"ImageObject\",\"inLanguage\":\"pt-BR\",\"@id\":\"https:\/\/tempermaster.com.br\/esquadriasdepvc\/#\/schema\/logo\/image\/\",\"url\":\"http:\/\/tempermaster.com.br\/esquadriasdepvc\/wp-content\/uploads\/2016\/10\/cropped-logo_2016.png\",\"contentUrl\":\"http:\/\/tempermaster.com.br\/esquadriasdepvc\/wp-content\/uploads\/2016\/10\/cropped-logo_2016.png\",\"width\":259,\"height\":70,\"caption\":\"Tempermaster\"},\"image\":{\"@id\":\"https:\/\/tempermaster.com.br\/esquadriasdepvc\/#\/schema\/logo\/image\/\"}}]}<\/script>\n<!-- \/ Yoast SEO plugin. -->","yoast_head_json":{"title":"Loja Petr\u00f3polis - TEMPER MASTER","robots":{"index":"index","follow":"follow","max-snippet":"max-snippet:-1","max-image-preview":"max-image-preview:large","max-video-preview":"max-video-preview:-1"},"canonical":"https:\/\/tempermaster.com.br\/esquadriasdepvc\/loja-petropolis\/","og_locale":"pt_BR","og_type":"article","og_title":"Loja Petr\u00f3polis - TEMPER MASTER","og_description":"Petr\u00f3polis &#8211; F\u00e1brica e Loja Rua Cel. Duarte da Silveira, 54 \u2013 Bingen \u2013 Petr\u00f3polis \u2013 RJCEP 25685-006 Tels: (24) 2245-5827 | (24) 2231-6159 WhatsApp: (24) 98815-1596 | (24) 99299-3069 E-mail: tempermaster@tempermaster.com.br Rua Cel. Duarte da Silveira, 54 \u2013 Bingen \u2013 Petr\u00f3polis \u2013 RJCEP 25685-006 Tels: (24) 2245-5827 | (24) 2231-6159 WhatsApp: (24) 98815-1596 | [&hellip;]","og_url":"https:\/\/tempermaster.com.br\/esquadriasdepvc\/loja-petropolis\/","og_site_name":"TEMPER MASTER","article_modified_time":"2025-12-20T10:58:04+00:00","og_image":[{"url":"https:\/\/tempermaster.com.br\/esquadriasdepvc\/wp-content\/uploads\/2025\/12\/TemperMaster_logo2025.png","type":"","width":"","height":""}],"twitter_card":"summary_large_image","twitter_misc":{"Est. tempo de leitura":"1 minuto"},"schema":{"@context":"https:\/\/schema.org","@graph":[{"@type":"WebPage","@id":"https:\/\/tempermaster.com.br\/esquadriasdepvc\/loja-petropolis\/","url":"https:\/\/tempermaster.com.br\/esquadriasdepvc\/loja-petropolis\/","name":"Loja Petr\u00f3polis - TEMPER MASTER","isPartOf":{"@id":"https:\/\/tempermaster.com.br\/esquadriasdepvc\/#website"},"primaryImageOfPage":{"@id":"https:\/\/tempermaster.com.br\/esquadriasdepvc\/loja-petropolis\/#primaryimage"},"image":{"@id":"https:\/\/tempermaster.com.br\/esquadriasdepvc\/loja-petropolis\/#primaryimage"},"thumbnailUrl":"https:\/\/tempermaster.com.br\/esquadriasdepvc\/wp-content\/uploads\/2025\/12\/TemperMaster_logo2025.png","datePublished":"2016-09-29T21:04:09+00:00","dateModified":"2025-12-20T10:58:04+00:00","breadcrumb":{"@id":"https:\/\/tempermaster.com.br\/esquadriasdepvc\/loja-petropolis\/#breadcrumb"},"inLanguage":"pt-BR","potentialAction":[{"@type":"ReadAction","target":["https:\/\/tempermaster.com.br\/esquadriasdepvc\/loja-petropolis\/"]}]},{"@type":"ImageObject","inLanguage":"pt-BR","@id":"https:\/\/tempermaster.com.br\/esquadriasdepvc\/loja-petropolis\/#primaryimage","url":"https:\/\/tempermaster.com.br\/esquadriasdepvc\/wp-content\/uploads\/2025\/12\/TemperMaster_logo2025.png","contentUrl":"https:\/\/tempermaster.com.br\/esquadriasdepvc\/wp-content\/uploads\/2025\/12\/TemperMaster_logo2025.png","width":800,"height":348,"caption":"TEMPER MASTER"},{"@type":"BreadcrumbList","@id":"https:\/\/tempermaster.com.br\/esquadriasdepvc\/loja-petropolis\/#breadcrumb","itemListElement":[{"@type":"ListItem","position":1,"name":"In\u00edcio","item":"https:\/\/tempermaster.com.br\/esquadriasdepvc\/"},{"@type":"ListItem","position":2,"name":"Loja Petr\u00f3polis"}]},{"@type":"WebSite","@id":"https:\/\/tempermaster.com.br\/esquadriasdepvc\/#website","url":"https:\/\/tempermaster.com.br\/esquadriasdepvc\/","name":"TEMPER MASTER","description":"Esquadrias de PVC e Janelas Ac\u00fasticas RJ","publisher":{"@id":"https:\/\/tempermaster.com.br\/esquadriasdepvc\/#organization"},"potentialAction":[{"@type":"SearchAction","target":{"@type":"EntryPoint","urlTemplate":"https:\/\/tempermaster.com.br\/esquadriasdepvc\/?s={search_term_string}"},"query-input":{"@type":"PropertyValueSpecification","valueRequired":true,"valueName":"search_term_string"}}],"inLanguage":"pt-BR"},{"@type":"Organization","@id":"https:\/\/tempermaster.com.br\/esquadriasdepvc\/#organization","name":"Tempermaster","url":"https:\/\/tempermaster.com.br\/esquadriasdepvc\/","logo":{"@type":"ImageObject","inLanguage":"pt-BR","@id":"https:\/\/tempermaster.com.br\/esquadriasdepvc\/#\/schema\/logo\/image\/","url":"http:\/\/tempermaster.com.br\/esquadriasdepvc\/wp-content\/uploads\/2016\/10\/cropped-logo_2016.png","contentUrl":"http:\/\/tempermaster.com.br\/esquadriasdepvc\/wp-content\/uploads\/2016\/10\/cropped-logo_2016.png","width":259,"height":70,"caption":"Tempermaster"},"image":{"@id":"https:\/\/tempermaster.com.br\/esquadriasdepvc\/#\/schema\/logo\/image\/"}}]}},"_links":{"self":[{"href":"https:\/\/tempermaster.com.br\/esquadriasdepvc\/wp-json\/wp\/v2\/pages\/19","targetHints":{"allow":["GET"]}}],"collection":[{"href":"https:\/\/tempermaster.com.br\/esquadriasdepvc\/wp-json\/wp\/v2\/pages"}],"about":[{"href":"https:\/\/tempermaster.com.br\/esquadriasdepvc\/wp-json\/wp\/v2\/types\/page"}],"author":[{"embeddable":true,"href":"https:\/\/tempermaster.com.br\/esquadriasdepvc\/wp-json\/wp\/v2\/users\/1"}],"replies":[{"embeddable":true,"href":"https:\/\/tempermaster.com.br\/esquadriasdepvc\/wp-json\/wp\/v2\/comments?post=19"}],"version-history":[{"count":26,"href":"https:\/\/tempermaster.com.br\/esquadriasdepvc\/wp-json\/wp\/v2\/pages\/19\/revisions"}],"predecessor-version":[{"id":5206,"href":"https:\/\/tempermaster.com.br\/esquadriasdepvc\/wp-json\/wp\/v2\/pages\/19\/revisions\/5206"}],"wp:attachment":[{"href":"https:\/\/tempermaster.com.br\/esquadriasdepvc\/wp-json\/wp\/v2\/media?parent=19"}],"curies":[{"name":"wp","href":"https:\/\/api.w.org\/{rel}","templated":true}]}}