{"id":53,"date":"2016-09-29T22:02:18","date_gmt":"2016-09-29T22:02:18","guid":{"rendered":"http:\/\/tempermaster.com.br\/esquadriasdepvc\/?page_id=53"},"modified":"2025-12-20T21:54:22","modified_gmt":"2025-12-20T21:54:22","slug":"parcerias","status":"publish","type":"page","link":"https:\/\/tempermaster.com.br\/esquadriasdepvc\/parcerias\/","title":{"rendered":"Parcerias"},"content":{"rendered":"\t\t<div data-elementor-type=\"wp-page\" data-elementor-id=\"53\" class=\"elementor elementor-53\">\n\t\t\t\t<div class=\"elementor-element elementor-element-815a4ae e-flex e-con-boxed e-con e-parent\" data-id=\"815a4ae\" data-element_type=\"container\" data-e-type=\"container\">\n\t\t\t\t\t<div class=\"e-con-inner\">\n\t\t\t\t<div class=\"elementor-element elementor-element-8a71404 elementor-widget elementor-widget-heading\" data-id=\"8a71404\" data-element_type=\"widget\" data-e-type=\"widget\" data-widget_type=\"heading.default\">\n\t\t\t\t\t<h2 class=\"elementor-heading-title elementor-size-default\">Temos parceria com a REHAU<\/h2>\t\t\t\t<\/div>\n\t\t\t\t\t<\/div>\n\t\t\t\t<\/div>\n\t\t<div class=\"elementor-element elementor-element-2f8eb5a e-flex e-con-boxed e-con e-parent\" data-id=\"2f8eb5a\" data-element_type=\"container\" data-e-type=\"container\">\n\t\t\t\t\t<div class=\"e-con-inner\">\n\t\t<div class=\"elementor-element elementor-element-7bf7552 e-con-full e-flex e-con e-child\" data-id=\"7bf7552\" data-element_type=\"container\" data-e-type=\"container\">\n\t\t\t\t<div class=\"elementor-element elementor-element-25ecf97 elementor-widget elementor-widget-image\" data-id=\"25ecf97\" data-element_type=\"widget\" data-e-type=\"widget\" data-widget_type=\"image.default\">\n\t\t\t\t\t\t\t\t\t\t\t\t\t\t\t<img decoding=\"async\" width=\"246\" height=\"120\" src=\"https:\/\/tempermaster.com.br\/esquadriasdepvc\/wp-content\/uploads\/2025\/12\/parceria-rehau.png\" class=\"attachment-large size-large wp-image-4933\" alt=\"\" \/>\t\t\t\t\t\t\t\t\t\t\t\t\t\t\t<\/div>\n\t\t\t\t<\/div>\n\t\t<div class=\"elementor-element elementor-element-5e10701 e-con-full e-flex e-con e-child\" data-id=\"5e10701\" data-element_type=\"container\" data-e-type=\"container\">\n\t\t<div class=\"elementor-element elementor-element-cb7b86b e-con-full e-flex e-con e-child\" data-id=\"cb7b86b\" data-element_type=\"container\" data-e-type=\"container\">\n\t\t\t\t<div class=\"elementor-element elementor-element-7cf19df elementor-widget elementor-widget-text-editor\" data-id=\"7cf19df\" data-element_type=\"widget\" data-e-type=\"widget\" data-widget_type=\"text-editor.default\">\n\t\t\t\t\t\t\t\t\t<p>Na nossa unidade industrial, a parceria estrat\u00e9gica com a REHAU nos fornece tecnologia de ponta e materiais polim\u00e9ricos de alto desempenho, desenvolvidos especificamente para a constru\u00e7\u00e3o civil. Essa colabora\u00e7\u00e3o assegura \u00e0s nossas Esquadrias de PVC um diferinal inquestion\u00e1vel em durabilidade, resist\u00eancia estrutural e acabamento est\u00e9tico primoroso, elevando o padr\u00e3o t\u00e9cnico de cada projeto.<\/p>\t\t\t\t\t\t\t\t<\/div>\n\t\t\t\t<\/div>\n\t\t\t\t<\/div>\n\t\t\t\t\t<\/div>\n\t\t\t\t<\/div>\n\t\t<div class=\"elementor-element elementor-element-3512b18 e-flex e-con-boxed e-con e-parent\" data-id=\"3512b18\" data-element_type=\"container\" data-e-type=\"container\">\n\t\t\t\t\t<div class=\"e-con-inner\">\n\t\t\t\t<div class=\"elementor-element elementor-element-41c3d49 elementor-widget elementor-widget-video\" data-id=\"41c3d49\" data-element_type=\"widget\" data-e-type=\"widget\" data-settings=\"{&quot;youtube_url&quot;:&quot;https:\\\/\\\/youtu.be\\\/HfO9s0g_Klc?si=_PTgrT5xETGw7avZ&quot;,&quot;video_type&quot;:&quot;youtube&quot;,&quot;controls&quot;:&quot;yes&quot;}\" data-widget_type=\"video.default\">\n\t\t\t\t\t\t\t<div class=\"elementor-wrapper elementor-open-inline\">\n\t\t\t<div class=\"elementor-video\"><\/div>\t\t<\/div>\n\t\t\t\t\t\t<\/div>\n\t\t\t\t\t<\/div>\n\t\t\t\t<\/div>\n\t\t<div class=\"elementor-element elementor-element-d42087f e-flex e-con-boxed e-con e-parent\" data-id=\"d42087f\" data-element_type=\"container\" data-e-type=\"container\">\n\t\t\t\t\t<div class=\"e-con-inner\">\n\t\t\t\t<div class=\"elementor-element elementor-element-cd0a8f2 elementor-widget elementor-widget-text-editor\" data-id=\"cd0a8f2\" data-element_type=\"widget\" data-e-type=\"widget\" data-widget_type=\"text-editor.default\">\n\t\t\t\t\t\t\t\t\t<div><div><div><div><div><div><div><p>\u00c9 com orgulho e senso de miss\u00e3o que o <b>Grupo TEMPER MASTER<\/b> mant\u00e9m, h\u00e1 mais de duas d\u00e9cadas, sua parceria estrat\u00e9gica com a REHAU, empresa alem\u00e3 l\u00edder global em solu\u00e7\u00f5es polim\u00e9ricas. Esta alian\u00e7a vai al\u00e9m de um mero fornecimento de insumos; representa uma converg\u00eancia de valores, vis\u00e3o e compromisso com o futuro da constru\u00e7\u00e3o.<\/p><p>A <b>REHAU <\/b>est\u00e1 na vanguarda dos grandes desafios globais, contribuindo para a efici\u00eancia energ\u00e9tica, a gest\u00e3o sustent\u00e1vel de recursos e o conceito de future living. Sua compet\u00eancia e paix\u00e3o por inova\u00e7\u00e3o a tornaram refer\u00eancia absoluta no desenvolvimento de sistemas de pol\u00edmeros de alto desempenho para os setores automotivo, industrial e, sobretudo, da constru\u00e7\u00e3o civil.<\/p><p>Ao integrar a tecnologia de ponta e os materiais premium da <b>REHAU <\/b>em nosso processo produtivo, o\u00a0<span style=\"font-weight: bold;\">Grupo TEMPER MASTER<\/span>\u00a0n\u00e3o apenas adquire componentes superiores. N\u00f3s internalizamos e repassamos a nossos clientes um legado de excel\u00eancia: o mais elevado profissionalismo, desde o desenvolvimento at\u00e9 a execu\u00e7\u00e3o, e a paix\u00e3o por explorar o potencial ilimitado dos materiais para criar solu\u00e7\u00f5es duradouras.<\/p><p><b>Essa parceria consolida nosso posicionamento como uma marca premium no mercado brasileiro. \u00c9 a garantia de que, ao especificar uma esquadria Temper Master, arquitetos, construtores e investidores est\u00e3o escolhendo muito mais que um produto \u2013 est\u00e3o optando por um sistema reconhecido mundialmente, com desempenho comprovado e um compromisso inabal\u00e1vel com a qualidade, a inova\u00e7\u00e3o e a sustentabilidade.<\/b><\/p><p>\u00a0<\/p><\/div><\/div><\/div><\/div><\/div><\/div><\/div>\t\t\t\t\t\t\t\t<\/div>\n\t\t\t\t\t<\/div>\n\t\t\t\t<\/div>\n\t\t<div class=\"elementor-element elementor-element-39c3053 e-flex e-con-boxed e-con e-parent\" data-id=\"39c3053\" data-element_type=\"container\" data-e-type=\"container\">\n\t\t\t\t\t<div class=\"e-con-inner\">\n\t\t\t\t<div class=\"elementor-element elementor-element-015003f elementor-widget elementor-widget-image\" data-id=\"015003f\" data-element_type=\"widget\" data-e-type=\"widget\" data-widget_type=\"image.default\">\n\t\t\t\t\t\t\t\t\t\t\t\t\t\t\t<img fetchpriority=\"high\" decoding=\"async\" width=\"680\" height=\"296\" src=\"https:\/\/tempermaster.com.br\/esquadriasdepvc\/wp-content\/uploads\/2025\/12\/TemperMaster_logo2025.png\" class=\"attachment-large size-large wp-image-4946\" alt=\"TEMPER MASTER\" srcset=\"https:\/\/tempermaster.com.br\/esquadriasdepvc\/wp-content\/uploads\/2025\/12\/TemperMaster_logo2025.png 800w, https:\/\/tempermaster.com.br\/esquadriasdepvc\/wp-content\/uploads\/2025\/12\/TemperMaster_logo2025-300x131.png 300w, https:\/\/tempermaster.com.br\/esquadriasdepvc\/wp-content\/uploads\/2025\/12\/TemperMaster_logo2025-768x334.png 768w\" sizes=\"(max-width: 680px) 100vw, 680px\" \/>\t\t\t\t\t\t\t\t\t\t\t\t\t\t\t<\/div>\n\t\t\t\t\t<\/div>\n\t\t\t\t<\/div>\n\t\t\t\t<\/div>\n\t\t","protected":false},"excerpt":{"rendered":"<p>Temos parceria com a REHAU Na nossa unidade industrial, a parceria estrat\u00e9gica com a REHAU nos fornece tecnologia de ponta e materiais polim\u00e9ricos de alto desempenho, desenvolvidos especificamente para a constru\u00e7\u00e3o civil. Essa colabora\u00e7\u00e3o assegura \u00e0s nossas Esquadrias de PVC um diferinal inquestion\u00e1vel em durabilidade, resist\u00eancia estrutural e acabamento est\u00e9tico primoroso, elevando o padr\u00e3o t\u00e9cnico [&hellip;]<\/p>\n","protected":false},"author":1,"featured_media":0,"parent":0,"menu_order":3,"comment_status":"closed","ping_status":"closed","template":"","meta":{"_joinchat":[],"footnotes":""},"class_list":["post-53","page","type-page","status-publish","hentry"],"aioseo_notices":[],"yoast_head":"<!-- This site is optimized with the Yoast SEO plugin v27.1.1 - https:\/\/yoast.com\/product\/yoast-seo-wordpress\/ -->\n<title>Parcerias - TEMPER MASTER<\/title>\n<meta name=\"robots\" content=\"index, follow, max-snippet:-1, max-image-preview:large, max-video-preview:-1\" \/>\n<link rel=\"canonical\" href=\"https:\/\/tempermaster.com.br\/esquadriasdepvc\/parcerias\/\" \/>\n<meta property=\"og:locale\" content=\"pt_BR\" \/>\n<meta property=\"og:type\" content=\"article\" \/>\n<meta property=\"og:title\" content=\"Parcerias - TEMPER MASTER\" \/>\n<meta property=\"og:description\" content=\"Temos parceria com a REHAU Na nossa unidade industrial, a parceria estrat\u00e9gica com a REHAU nos fornece tecnologia de ponta e materiais polim\u00e9ricos de alto desempenho, desenvolvidos especificamente para a constru\u00e7\u00e3o civil. Essa colabora\u00e7\u00e3o assegura \u00e0s nossas Esquadrias de PVC um diferinal inquestion\u00e1vel em durabilidade, resist\u00eancia estrutural e acabamento est\u00e9tico primoroso, elevando o padr\u00e3o t\u00e9cnico [&hellip;]\" \/>\n<meta property=\"og:url\" content=\"https:\/\/tempermaster.com.br\/esquadriasdepvc\/parcerias\/\" \/>\n<meta property=\"og:site_name\" content=\"TEMPER MASTER\" \/>\n<meta property=\"article:modified_time\" content=\"2025-12-20T21:54:22+00:00\" \/>\n<meta property=\"og:image\" content=\"https:\/\/tempermaster.com.br\/esquadriasdepvc\/wp-content\/uploads\/2025\/12\/parceria-rehau.png\" \/>\n<meta name=\"twitter:card\" content=\"summary_large_image\" \/>\n<meta name=\"twitter:label1\" content=\"Est. tempo de leitura\" \/>\n\t<meta name=\"twitter:data1\" content=\"2 minutos\" \/>\n<script type=\"application\/ld+json\" class=\"yoast-schema-graph\">{\"@context\":\"https:\/\/schema.org\",\"@graph\":[{\"@type\":\"WebPage\",\"@id\":\"https:\/\/tempermaster.com.br\/esquadriasdepvc\/parcerias\/\",\"url\":\"https:\/\/tempermaster.com.br\/esquadriasdepvc\/parcerias\/\",\"name\":\"Parcerias - TEMPER MASTER\",\"isPartOf\":{\"@id\":\"https:\/\/tempermaster.com.br\/esquadriasdepvc\/#website\"},\"primaryImageOfPage\":{\"@id\":\"https:\/\/tempermaster.com.br\/esquadriasdepvc\/parcerias\/#primaryimage\"},\"image\":{\"@id\":\"https:\/\/tempermaster.com.br\/esquadriasdepvc\/parcerias\/#primaryimage\"},\"thumbnailUrl\":\"https:\/\/tempermaster.com.br\/esquadriasdepvc\/wp-content\/uploads\/2025\/12\/parceria-rehau.png\",\"datePublished\":\"2016-09-29T22:02:18+00:00\",\"dateModified\":\"2025-12-20T21:54:22+00:00\",\"breadcrumb\":{\"@id\":\"https:\/\/tempermaster.com.br\/esquadriasdepvc\/parcerias\/#breadcrumb\"},\"inLanguage\":\"pt-BR\",\"potentialAction\":[{\"@type\":\"ReadAction\",\"target\":[\"https:\/\/tempermaster.com.br\/esquadriasdepvc\/parcerias\/\"]}]},{\"@type\":\"ImageObject\",\"inLanguage\":\"pt-BR\",\"@id\":\"https:\/\/tempermaster.com.br\/esquadriasdepvc\/parcerias\/#primaryimage\",\"url\":\"https:\/\/tempermaster.com.br\/esquadriasdepvc\/wp-content\/uploads\/2025\/12\/parceria-rehau.png\",\"contentUrl\":\"https:\/\/tempermaster.com.br\/esquadriasdepvc\/wp-content\/uploads\/2025\/12\/parceria-rehau.png\",\"width\":246,\"height\":120},{\"@type\":\"BreadcrumbList\",\"@id\":\"https:\/\/tempermaster.com.br\/esquadriasdepvc\/parcerias\/#breadcrumb\",\"itemListElement\":[{\"@type\":\"ListItem\",\"position\":1,\"name\":\"In\u00edcio\",\"item\":\"https:\/\/tempermaster.com.br\/esquadriasdepvc\/\"},{\"@type\":\"ListItem\",\"position\":2,\"name\":\"Parcerias\"}]},{\"@type\":\"WebSite\",\"@id\":\"https:\/\/tempermaster.com.br\/esquadriasdepvc\/#website\",\"url\":\"https:\/\/tempermaster.com.br\/esquadriasdepvc\/\",\"name\":\"TEMPER MASTER\",\"description\":\"Esquadrias de PVC e Janelas Ac\u00fasticas RJ\",\"publisher\":{\"@id\":\"https:\/\/tempermaster.com.br\/esquadriasdepvc\/#organization\"},\"potentialAction\":[{\"@type\":\"SearchAction\",\"target\":{\"@type\":\"EntryPoint\",\"urlTemplate\":\"https:\/\/tempermaster.com.br\/esquadriasdepvc\/?s={search_term_string}\"},\"query-input\":{\"@type\":\"PropertyValueSpecification\",\"valueRequired\":true,\"valueName\":\"search_term_string\"}}],\"inLanguage\":\"pt-BR\"},{\"@type\":\"Organization\",\"@id\":\"https:\/\/tempermaster.com.br\/esquadriasdepvc\/#organization\",\"name\":\"Tempermaster\",\"url\":\"https:\/\/tempermaster.com.br\/esquadriasdepvc\/\",\"logo\":{\"@type\":\"ImageObject\",\"inLanguage\":\"pt-BR\",\"@id\":\"https:\/\/tempermaster.com.br\/esquadriasdepvc\/#\/schema\/logo\/image\/\",\"url\":\"http:\/\/tempermaster.com.br\/esquadriasdepvc\/wp-content\/uploads\/2016\/10\/cropped-logo_2016.png\",\"contentUrl\":\"http:\/\/tempermaster.com.br\/esquadriasdepvc\/wp-content\/uploads\/2016\/10\/cropped-logo_2016.png\",\"width\":259,\"height\":70,\"caption\":\"Tempermaster\"},\"image\":{\"@id\":\"https:\/\/tempermaster.com.br\/esquadriasdepvc\/#\/schema\/logo\/image\/\"}}]}<\/script>\n<!-- \/ Yoast SEO plugin. -->","yoast_head_json":{"title":"Parcerias - TEMPER MASTER","robots":{"index":"index","follow":"follow","max-snippet":"max-snippet:-1","max-image-preview":"max-image-preview:large","max-video-preview":"max-video-preview:-1"},"canonical":"https:\/\/tempermaster.com.br\/esquadriasdepvc\/parcerias\/","og_locale":"pt_BR","og_type":"article","og_title":"Parcerias - TEMPER MASTER","og_description":"Temos parceria com a REHAU Na nossa unidade industrial, a parceria estrat\u00e9gica com a REHAU nos fornece tecnologia de ponta e materiais polim\u00e9ricos de alto desempenho, desenvolvidos especificamente para a constru\u00e7\u00e3o civil. Essa colabora\u00e7\u00e3o assegura \u00e0s nossas Esquadrias de PVC um diferinal inquestion\u00e1vel em durabilidade, resist\u00eancia estrutural e acabamento est\u00e9tico primoroso, elevando o padr\u00e3o t\u00e9cnico [&hellip;]","og_url":"https:\/\/tempermaster.com.br\/esquadriasdepvc\/parcerias\/","og_site_name":"TEMPER MASTER","article_modified_time":"2025-12-20T21:54:22+00:00","og_image":[{"url":"https:\/\/tempermaster.com.br\/esquadriasdepvc\/wp-content\/uploads\/2025\/12\/parceria-rehau.png","type":"","width":"","height":""}],"twitter_card":"summary_large_image","twitter_misc":{"Est. tempo de leitura":"2 minutos"},"schema":{"@context":"https:\/\/schema.org","@graph":[{"@type":"WebPage","@id":"https:\/\/tempermaster.com.br\/esquadriasdepvc\/parcerias\/","url":"https:\/\/tempermaster.com.br\/esquadriasdepvc\/parcerias\/","name":"Parcerias - TEMPER MASTER","isPartOf":{"@id":"https:\/\/tempermaster.com.br\/esquadriasdepvc\/#website"},"primaryImageOfPage":{"@id":"https:\/\/tempermaster.com.br\/esquadriasdepvc\/parcerias\/#primaryimage"},"image":{"@id":"https:\/\/tempermaster.com.br\/esquadriasdepvc\/parcerias\/#primaryimage"},"thumbnailUrl":"https:\/\/tempermaster.com.br\/esquadriasdepvc\/wp-content\/uploads\/2025\/12\/parceria-rehau.png","datePublished":"2016-09-29T22:02:18+00:00","dateModified":"2025-12-20T21:54:22+00:00","breadcrumb":{"@id":"https:\/\/tempermaster.com.br\/esquadriasdepvc\/parcerias\/#breadcrumb"},"inLanguage":"pt-BR","potentialAction":[{"@type":"ReadAction","target":["https:\/\/tempermaster.com.br\/esquadriasdepvc\/parcerias\/"]}]},{"@type":"ImageObject","inLanguage":"pt-BR","@id":"https:\/\/tempermaster.com.br\/esquadriasdepvc\/parcerias\/#primaryimage","url":"https:\/\/tempermaster.com.br\/esquadriasdepvc\/wp-content\/uploads\/2025\/12\/parceria-rehau.png","contentUrl":"https:\/\/tempermaster.com.br\/esquadriasdepvc\/wp-content\/uploads\/2025\/12\/parceria-rehau.png","width":246,"height":120},{"@type":"BreadcrumbList","@id":"https:\/\/tempermaster.com.br\/esquadriasdepvc\/parcerias\/#breadcrumb","itemListElement":[{"@type":"ListItem","position":1,"name":"In\u00edcio","item":"https:\/\/tempermaster.com.br\/esquadriasdepvc\/"},{"@type":"ListItem","position":2,"name":"Parcerias"}]},{"@type":"WebSite","@id":"https:\/\/tempermaster.com.br\/esquadriasdepvc\/#website","url":"https:\/\/tempermaster.com.br\/esquadriasdepvc\/","name":"TEMPER MASTER","description":"Esquadrias de PVC e Janelas Ac\u00fasticas RJ","publisher":{"@id":"https:\/\/tempermaster.com.br\/esquadriasdepvc\/#organization"},"potentialAction":[{"@type":"SearchAction","target":{"@type":"EntryPoint","urlTemplate":"https:\/\/tempermaster.com.br\/esquadriasdepvc\/?s={search_term_string}"},"query-input":{"@type":"PropertyValueSpecification","valueRequired":true,"valueName":"search_term_string"}}],"inLanguage":"pt-BR"},{"@type":"Organization","@id":"https:\/\/tempermaster.com.br\/esquadriasdepvc\/#organization","name":"Tempermaster","url":"https:\/\/tempermaster.com.br\/esquadriasdepvc\/","logo":{"@type":"ImageObject","inLanguage":"pt-BR","@id":"https:\/\/tempermaster.com.br\/esquadriasdepvc\/#\/schema\/logo\/image\/","url":"http:\/\/tempermaster.com.br\/esquadriasdepvc\/wp-content\/uploads\/2016\/10\/cropped-logo_2016.png","contentUrl":"http:\/\/tempermaster.com.br\/esquadriasdepvc\/wp-content\/uploads\/2016\/10\/cropped-logo_2016.png","width":259,"height":70,"caption":"Tempermaster"},"image":{"@id":"https:\/\/tempermaster.com.br\/esquadriasdepvc\/#\/schema\/logo\/image\/"}}]}},"_links":{"self":[{"href":"https:\/\/tempermaster.com.br\/esquadriasdepvc\/wp-json\/wp\/v2\/pages\/53","targetHints":{"allow":["GET"]}}],"collection":[{"href":"https:\/\/tempermaster.com.br\/esquadriasdepvc\/wp-json\/wp\/v2\/pages"}],"about":[{"href":"https:\/\/tempermaster.com.br\/esquadriasdepvc\/wp-json\/wp\/v2\/types\/page"}],"author":[{"embeddable":true,"href":"https:\/\/tempermaster.com.br\/esquadriasdepvc\/wp-json\/wp\/v2\/users\/1"}],"replies":[{"embeddable":true,"href":"https:\/\/tempermaster.com.br\/esquadriasdepvc\/wp-json\/wp\/v2\/comments?post=53"}],"version-history":[{"count":21,"href":"https:\/\/tempermaster.com.br\/esquadriasdepvc\/wp-json\/wp\/v2\/pages\/53\/revisions"}],"predecessor-version":[{"id":5254,"href":"https:\/\/tempermaster.com.br\/esquadriasdepvc\/wp-json\/wp\/v2\/pages\/53\/revisions\/5254"}],"wp:attachment":[{"href":"https:\/\/tempermaster.com.br\/esquadriasdepvc\/wp-json\/wp\/v2\/media?parent=53"}],"curies":[{"name":"wp","href":"https:\/\/api.w.org\/{rel}","templated":true}]}}